{"id":17,"date":"2016-04-20T17:05:41","date_gmt":"2016-04-20T16:05:41","guid":{"rendered":"http:\/\/www.adamski-method.net\/?page_id=17"},"modified":"2025-07-27T02:31:38","modified_gmt":"2025-07-27T01:31:38","slug":"seances","status":"publish","type":"page","link":"https:\/\/www.adamski-method.net\/fr\/seances\/","title":{"rendered":"Workshops &#038; Cours"},"content":{"rendered":"<p><\/p>\n<p class=\"p1\"><span class=\"s1\"><b>TRA\u00a9 Tecnica Riequilibrante dell&rsquo;Addome\u00a0<\/b>:\u00a0<b><i>metodo Adamski<\/i><\/b><\/span><\/p>\n<p class=\"p1\"><span class=\"s1\"><b>iscrizione all\u2019albo nazionale ASI N\u00b0 201910237. 4 giorni + 1 giorno CNT tecnica cinese per liberare gli emozioni dell&rsquo;addome\u00a0<\/b><\/span><\/p>\n<p>a <b><span style=\"color: #0000ff;\">Milano<\/span> : per il corpo TRA\u00a9 4 giorni : 07<\/b><b> &#8211; 08 settembre e 02 -03 novembre 2025<\/b><\/p>\n<p><strong>a <span style=\"color: #0000ff;\">Trapani<\/span><span style=\"color: #000000;\"> : 25 &#8211; 26 ottobre 2025 per il corpo TRA \u00a9<\/span><\/strong><\/p>\n<p class=\"p1\">ad <strong><span style=\"color: #0000ff;\">Olbia<\/span><span class=\"s1\"> : 03 -04 -05 -06 ottobre <b>per il corpo TRA\u00a9 4 giorni<\/b><\/span><\/strong><\/p>\n<p class=\"p1\">a <b><span style=\"color: #0000ff;\">Nyon (Suisse)<\/span> : 10 octobre 2025 pour Liberation \u00e9motionelle de l&rsquo;abdomen CNT.<\/b><\/p>\n<p class=\"p1\"><b>19-20-21-22 mai 2025 pour le corps TRA\u00a9<\/b><\/p>\n<p class=\"p1\">et <b>23-24 mai 2025 pour le visage.<\/b><\/p>\n<p class=\"p1\">a <b><span style=\"color: #0000ff;\">Gen\u00e8ve<\/span> :\u00a0 \u00a0pour le corps TRA\u00a926-27-28 novembre 2025.<\/b><\/p>\n<p>(per richieste corsi in altre localit\u00e0, min <span style=\"color: #0000ff;\">5,<\/span> max 10 allievi)<\/p>\n<p>totale 1200\u20ac per i 4 giorni.<\/p>","protected":false},"excerpt":{"rendered":"<p>TRA\u00a9 Tecnica Riequilibrante dell&rsquo;Addome\u00a0:\u00a0metodo Adamski iscrizione all\u2019albo nazionale ASI N\u00b0 201910237. 4 giorni + 1 giorno CNT tecnica cinese per liberare gli emozioni dell&rsquo;addome\u00a0 a Milano : per il corpo TRA\u00a9 4 giorni : 07 &#8211; 08 settembre e 02 -03 novembre 2025 a Trapani : 25 &#8211; 26 ottobre 2025 per il corpo TRA [&hellip;]<\/p>\n","protected":false},"author":1,"featured_media":0,"parent":0,"menu_order":0,"comment_status":"closed","ping_status":"closed","template":"","meta":{"_exactmetrics_skip_tracking":false,"_exactmetrics_sitenote_active":false,"_exactmetrics_sitenote_note":"","_exactmetrics_sitenote_category":0,"footnotes":""},"class_list":["post-17","page","type-page","status-publish","hentry"],"yoast_head":"<!-- This site is optimized with the Yoast SEO plugin v25.6 - https:\/\/yoast.com\/wordpress\/plugins\/seo\/ -->\n<title>Workshops &amp; Cours - La m\u00e9thode Adamski<\/title>\n<meta name=\"description\" content=\"migliorare il transito intestinal e pancia piatta better digest flat abdomen anti-stress costipation stitichezza constipation mal di pancia\" \/>\n<meta name=\"robots\" content=\"index, follow, max-snippet:-1, max-image-preview:large, max-video-preview:-1\" \/>\n<link rel=\"canonical\" href=\"https:\/\/www.adamski-method.net\/seances\/\" \/>\n<meta property=\"og:locale\" content=\"fr_FR\" \/>\n<meta property=\"og:type\" content=\"article\" \/>\n<meta property=\"og:title\" content=\"Workshops &amp; Cours - La m\u00e9thode Adamski\" \/>\n<meta property=\"og:description\" content=\"{:it}migliorare il transito intestinal e pancia piatta better digest flat abdomen anti-stress costipation stitichezza constipation mal di pancia {:}\" \/>\n<meta property=\"og:url\" content=\"https:\/\/www.adamski-method.net\/seances\/\" \/>\n<meta property=\"og:site_name\" content=\"La m\u00e9thode Adamski\" \/>\n<meta property=\"article:publisher\" content=\"https:\/\/www.facebook.com\/www.adamski.metodo.net\/\" \/>\n<meta property=\"article:modified_time\" content=\"2025-07-27T01:31:38+00:00\" \/>\n<meta name=\"twitter:card\" content=\"summary_large_image\" \/>\n<meta name=\"twitter:label1\" content=\"Dur\u00e9e de lecture estim\u00e9e\" \/>\n\t<meta name=\"twitter:data1\" content=\"1 minute\" \/>\n<script type=\"application\/ld+json\" class=\"yoast-schema-graph\">{\"@context\":\"https:\/\/schema.org\",\"@graph\":[{\"@type\":\"WebPage\",\"@id\":\"https:\/\/www.adamski-method.net\/seances\/\",\"url\":\"https:\/\/www.adamski-method.net\/seances\/\",\"name\":\"Workshops & Cours - La m\u00e9thode Adamski\",\"isPartOf\":{\"@id\":\"https:\/\/www.adamski-method.net\/fr\/#website\"},\"datePublished\":\"2016-04-20T16:05:41+00:00\",\"dateModified\":\"2025-07-27T01:31:38+00:00\",\"description\":\"{:it}migliorare il transito intestinal e pancia piatta better digest flat abdomen anti-stress costipation stitichezza constipation mal di pancia {:}\",\"breadcrumb\":{\"@id\":\"https:\/\/www.adamski-method.net\/seances\/#breadcrumb\"},\"inLanguage\":\"fr-FR\",\"potentialAction\":[{\"@type\":\"ReadAction\",\"target\":[\"https:\/\/www.adamski-method.net\/seances\/\"]}]},{\"@type\":\"BreadcrumbList\",\"@id\":\"https:\/\/www.adamski-method.net\/seances\/#breadcrumb\",\"itemListElement\":[{\"@type\":\"ListItem\",\"position\":1,\"name\":\"Accueil\",\"item\":\"https:\/\/www.adamski-method.net\/fr\/\"},{\"@type\":\"ListItem\",\"position\":2,\"name\":\"Workshops &#038; Cours\"}]},{\"@type\":\"WebSite\",\"@id\":\"https:\/\/www.adamski-method.net\/fr\/#website\",\"url\":\"https:\/\/www.adamski-method.net\/fr\/\",\"name\":\"La m\u00e9thode Adamski\",\"description\":\"La m\u00e9thode Adamski est un v\u00e9ritable r\u00e9glage alimentaire, loin des r\u00e9gimes ou autres techniques d\u2019amaigrissement.\",\"potentialAction\":[{\"@type\":\"SearchAction\",\"target\":{\"@type\":\"EntryPoint\",\"urlTemplate\":\"https:\/\/www.adamski-method.net\/fr\/?s={search_term_string}\"},\"query-input\":{\"@type\":\"PropertyValueSpecification\",\"valueRequired\":true,\"valueName\":\"search_term_string\"}}],\"inLanguage\":\"fr-FR\"}]}<\/script>\n<!-- \/ Yoast SEO plugin. -->","yoast_head_json":{"title":"Workshops & Cours - La m\u00e9thode Adamski","description":"migliorare il transito intestinal e pancia piatta better digest flat abdomen anti-stress costipation stitichezza constipation mal di pancia","robots":{"index":"index","follow":"follow","max-snippet":"max-snippet:-1","max-image-preview":"max-image-preview:large","max-video-preview":"max-video-preview:-1"},"canonical":"https:\/\/www.adamski-method.net\/seances\/","og_locale":"fr_FR","og_type":"article","og_title":"Workshops & Cours - La m\u00e9thode Adamski","og_description":"{:it}migliorare il transito intestinal e pancia piatta better digest flat abdomen anti-stress costipation stitichezza constipation mal di pancia {:}","og_url":"https:\/\/www.adamski-method.net\/seances\/","og_site_name":"La m\u00e9thode Adamski","article_publisher":"https:\/\/www.facebook.com\/www.adamski.metodo.net\/","article_modified_time":"2025-07-27T01:31:38+00:00","twitter_card":"summary_large_image","twitter_misc":{"Dur\u00e9e de lecture estim\u00e9e":"1 minute"},"schema":{"@context":"https:\/\/schema.org","@graph":[{"@type":"WebPage","@id":"https:\/\/www.adamski-method.net\/seances\/","url":"https:\/\/www.adamski-method.net\/seances\/","name":"Workshops & Cours - La m\u00e9thode Adamski","isPartOf":{"@id":"https:\/\/www.adamski-method.net\/fr\/#website"},"datePublished":"2016-04-20T16:05:41+00:00","dateModified":"2025-07-27T01:31:38+00:00","description":"{:it}migliorare il transito intestinal e pancia piatta better digest flat abdomen anti-stress costipation stitichezza constipation mal di pancia {:}","breadcrumb":{"@id":"https:\/\/www.adamski-method.net\/seances\/#breadcrumb"},"inLanguage":"fr-FR","potentialAction":[{"@type":"ReadAction","target":["https:\/\/www.adamski-method.net\/seances\/"]}]},{"@type":"BreadcrumbList","@id":"https:\/\/www.adamski-method.net\/seances\/#breadcrumb","itemListElement":[{"@type":"ListItem","position":1,"name":"Accueil","item":"https:\/\/www.adamski-method.net\/fr\/"},{"@type":"ListItem","position":2,"name":"Workshops &#038; Cours"}]},{"@type":"WebSite","@id":"https:\/\/www.adamski-method.net\/fr\/#website","url":"https:\/\/www.adamski-method.net\/fr\/","name":"La m\u00e9thode Adamski","description":"La m\u00e9thode Adamski est un v\u00e9ritable r\u00e9glage alimentaire, loin des r\u00e9gimes ou autres techniques d\u2019amaigrissement.","potentialAction":[{"@type":"SearchAction","target":{"@type":"EntryPoint","urlTemplate":"https:\/\/www.adamski-method.net\/fr\/?s={search_term_string}"},"query-input":{"@type":"PropertyValueSpecification","valueRequired":true,"valueName":"search_term_string"}}],"inLanguage":"fr-FR"}]}},"_links":{"self":[{"href":"https:\/\/www.adamski-method.net\/fr\/wp-json\/wp\/v2\/pages\/17","targetHints":{"allow":["GET"]}}],"collection":[{"href":"https:\/\/www.adamski-method.net\/fr\/wp-json\/wp\/v2\/pages"}],"about":[{"href":"https:\/\/www.adamski-method.net\/fr\/wp-json\/wp\/v2\/types\/page"}],"author":[{"embeddable":true,"href":"https:\/\/www.adamski-method.net\/fr\/wp-json\/wp\/v2\/users\/1"}],"replies":[{"embeddable":true,"href":"https:\/\/www.adamski-method.net\/fr\/wp-json\/wp\/v2\/comments?post=17"}],"version-history":[{"count":15,"href":"https:\/\/www.adamski-method.net\/fr\/wp-json\/wp\/v2\/pages\/17\/revisions"}],"predecessor-version":[{"id":1093,"href":"https:\/\/www.adamski-method.net\/fr\/wp-json\/wp\/v2\/pages\/17\/revisions\/1093"}],"wp:attachment":[{"href":"https:\/\/www.adamski-method.net\/fr\/wp-json\/wp\/v2\/media?parent=17"}],"curies":[{"name":"wp","href":"https:\/\/api.w.org\/{rel}","templated":true}]}}