{"id":4,"date":"2016-04-04T15:01:16","date_gmt":"2016-04-04T14:01:16","guid":{"rendered":"http:\/\/www.adamski-method.net\/?page_id=4"},"modified":"2019-08-22T17:14:47","modified_gmt":"2019-08-22T16:14:47","slug":"accueil","status":"publish","type":"page","link":"https:\/\/www.adamski-method.net\/fr\/","title":{"rendered":"Accueil"},"content":{"rendered":"","protected":false},"excerpt":{"rendered":"","protected":false},"author":1,"featured_media":0,"parent":0,"menu_order":0,"comment_status":"closed","ping_status":"closed","template":"","meta":{"_exactmetrics_skip_tracking":false,"_exactmetrics_sitenote_active":false,"_exactmetrics_sitenote_note":"","_exactmetrics_sitenote_category":0,"footnotes":""},"class_list":["post-4","page","type-page","status-publish","hentry"],"yoast_head":"<!-- This site is optimized with the Yoast SEO plugin v27.4 - https:\/\/yoast.com\/product\/yoast-seo-wordpress\/ -->\n<title>La m\u00e9thode Adamski<\/title>\n<meta name=\"description\" content=\"La m\u00e9thode Adamski est un v\u00e9ritable r\u00e9glage alimentaire, loin des r\u00e9gimes ou autres techniques d\u2019amaigrissement.\" \/>\n<meta name=\"robots\" content=\"index, follow, max-snippet:-1, max-image-preview:large, max-video-preview:-1\" \/>\n<link rel=\"canonical\" href=\"https:\/\/www.adamski-method.net\/fr\/\" \/>\n<meta property=\"og:locale\" content=\"fr_FR\" \/>\n<meta property=\"og:type\" content=\"article\" \/>\n<meta property=\"og:title\" content=\"La m\u00e9thode Adamski\" \/>\n<meta property=\"og:description\" content=\"La m\u00e9thode Adamski est un v\u00e9ritable r\u00e9glage alimentaire, loin des r\u00e9gimes ou autres techniques d\u2019amaigrissement.\" \/>\n<meta property=\"og:url\" content=\"https:\/\/www.adamski-method.net\/fr\/\" \/>\n<meta property=\"og:site_name\" content=\"La m\u00e9thode Adamski\" \/>\n<meta property=\"article:publisher\" content=\"https:\/\/www.facebook.com\/www.adamski.metodo.net\/\" \/>\n<meta property=\"article:modified_time\" content=\"2019-08-22T16:14:47+00:00\" \/>\n<meta name=\"twitter:card\" content=\"summary_large_image\" \/>\n<script type=\"application\/ld+json\" class=\"yoast-schema-graph\">{\"@context\":\"https:\\\/\\\/schema.org\",\"@graph\":[{\"@type\":\"WebPage\",\"@id\":\"https:\\\/\\\/www.adamski-method.net\\\/fr\\\/\",\"url\":\"https:\\\/\\\/www.adamski-method.net\\\/fr\\\/\",\"name\":\"La m\u00e9thode Adamski\",\"isPartOf\":{\"@id\":\"https:\\\/\\\/www.adamski-method.net\\\/fr\\\/#website\"},\"datePublished\":\"2016-04-04T14:01:16+00:00\",\"dateModified\":\"2019-08-22T16:14:47+00:00\",\"description\":\"La m\u00e9thode Adamski est un v\u00e9ritable r\u00e9glage alimentaire, loin des r\u00e9gimes ou autres techniques d\u2019amaigrissement.\",\"breadcrumb\":{\"@id\":\"https:\\\/\\\/www.adamski-method.net\\\/fr\\\/#breadcrumb\"},\"inLanguage\":\"fr-FR\",\"potentialAction\":[{\"@type\":\"ReadAction\",\"target\":[\"https:\\\/\\\/www.adamski-method.net\\\/fr\\\/\"]}]},{\"@type\":\"BreadcrumbList\",\"@id\":\"https:\\\/\\\/www.adamski-method.net\\\/fr\\\/#breadcrumb\",\"itemListElement\":[{\"@type\":\"ListItem\",\"position\":1,\"name\":\"Accueil\",\"item\":\"https:\\\/\\\/www.adamski-method.net\\\/fr\\\/\"},{\"@type\":\"ListItem\",\"position\":2,\"name\":\"Accueil\"}]},{\"@type\":\"WebSite\",\"@id\":\"https:\\\/\\\/www.adamski-method.net\\\/fr\\\/#website\",\"url\":\"https:\\\/\\\/www.adamski-method.net\\\/fr\\\/\",\"name\":\"La m\u00e9thode Adamski\",\"description\":\"La m\u00e9thode Adamski est un v\u00e9ritable r\u00e9glage alimentaire, loin des r\u00e9gimes ou autres techniques d\u2019amaigrissement.\",\"potentialAction\":[{\"@type\":\"SearchAction\",\"target\":{\"@type\":\"EntryPoint\",\"urlTemplate\":\"https:\\\/\\\/www.adamski-method.net\\\/fr\\\/?s={search_term_string}\"},\"query-input\":{\"@type\":\"PropertyValueSpecification\",\"valueRequired\":true,\"valueName\":\"search_term_string\"}}],\"inLanguage\":\"fr-FR\"}]}<\/script>\n<!-- \/ Yoast SEO plugin. -->","yoast_head_json":{"title":"La m\u00e9thode Adamski","description":"La m\u00e9thode Adamski est un v\u00e9ritable r\u00e9glage alimentaire, loin des r\u00e9gimes ou autres techniques d\u2019amaigrissement.","robots":{"index":"index","follow":"follow","max-snippet":"max-snippet:-1","max-image-preview":"max-image-preview:large","max-video-preview":"max-video-preview:-1"},"canonical":"https:\/\/www.adamski-method.net\/fr\/","og_locale":"fr_FR","og_type":"article","og_title":"La m\u00e9thode Adamski","og_description":"La m\u00e9thode Adamski est un v\u00e9ritable r\u00e9glage alimentaire, loin des r\u00e9gimes ou autres techniques d\u2019amaigrissement.","og_url":"https:\/\/www.adamski-method.net\/fr\/","og_site_name":"La m\u00e9thode Adamski","article_publisher":"https:\/\/www.facebook.com\/www.adamski.metodo.net\/","article_modified_time":"2019-08-22T16:14:47+00:00","twitter_card":"summary_large_image","schema":{"@context":"https:\/\/schema.org","@graph":[{"@type":"WebPage","@id":"https:\/\/www.adamski-method.net\/fr\/","url":"https:\/\/www.adamski-method.net\/fr\/","name":"La m\u00e9thode Adamski","isPartOf":{"@id":"https:\/\/www.adamski-method.net\/fr\/#website"},"datePublished":"2016-04-04T14:01:16+00:00","dateModified":"2019-08-22T16:14:47+00:00","description":"La m\u00e9thode Adamski est un v\u00e9ritable r\u00e9glage alimentaire, loin des r\u00e9gimes ou autres techniques d\u2019amaigrissement.","breadcrumb":{"@id":"https:\/\/www.adamski-method.net\/fr\/#breadcrumb"},"inLanguage":"fr-FR","potentialAction":[{"@type":"ReadAction","target":["https:\/\/www.adamski-method.net\/fr\/"]}]},{"@type":"BreadcrumbList","@id":"https:\/\/www.adamski-method.net\/fr\/#breadcrumb","itemListElement":[{"@type":"ListItem","position":1,"name":"Accueil","item":"https:\/\/www.adamski-method.net\/fr\/"},{"@type":"ListItem","position":2,"name":"Accueil"}]},{"@type":"WebSite","@id":"https:\/\/www.adamski-method.net\/fr\/#website","url":"https:\/\/www.adamski-method.net\/fr\/","name":"La m\u00e9thode Adamski","description":"La m\u00e9thode Adamski est un v\u00e9ritable r\u00e9glage alimentaire, loin des r\u00e9gimes ou autres techniques d\u2019amaigrissement.","potentialAction":[{"@type":"SearchAction","target":{"@type":"EntryPoint","urlTemplate":"https:\/\/www.adamski-method.net\/fr\/?s={search_term_string}"},"query-input":{"@type":"PropertyValueSpecification","valueRequired":true,"valueName":"search_term_string"}}],"inLanguage":"fr-FR"}]}},"_links":{"self":[{"href":"https:\/\/www.adamski-method.net\/fr\/wp-json\/wp\/v2\/pages\/4","targetHints":{"allow":["GET"]}}],"collection":[{"href":"https:\/\/www.adamski-method.net\/fr\/wp-json\/wp\/v2\/pages"}],"about":[{"href":"https:\/\/www.adamski-method.net\/fr\/wp-json\/wp\/v2\/types\/page"}],"author":[{"embeddable":true,"href":"https:\/\/www.adamski-method.net\/fr\/wp-json\/wp\/v2\/users\/1"}],"replies":[{"embeddable":true,"href":"https:\/\/www.adamski-method.net\/fr\/wp-json\/wp\/v2\/comments?post=4"}],"version-history":[{"count":7,"href":"https:\/\/www.adamski-method.net\/fr\/wp-json\/wp\/v2\/pages\/4\/revisions"}],"predecessor-version":[{"id":155,"href":"https:\/\/www.adamski-method.net\/fr\/wp-json\/wp\/v2\/pages\/4\/revisions\/155"}],"wp:attachment":[{"href":"https:\/\/www.adamski-method.net\/fr\/wp-json\/wp\/v2\/media?parent=4"}],"curies":[{"name":"wp","href":"https:\/\/api.w.org\/{rel}","templated":true}]}}