{"id":9,"date":"2016-04-11T17:29:10","date_gmt":"2016-04-11T16:29:10","guid":{"rendered":"http:\/\/www.adamski-method.net\/?page_id=9"},"modified":"2024-02-08T15:32:10","modified_gmt":"2024-02-08T14:32:10","slug":"frank","status":"publish","type":"page","link":"https:\/\/www.adamski-method.net\/fr\/frank\/","title":{"rendered":"Frank Laporte-Adamski"},"content":{"rendered":"<p><img loading=\"lazy\" decoding=\"async\" class=\"alignnone size-medium wp-image-946\" src=\"https:\/\/www.adamski-method.net\/wp-content\/uploads\/2024\/02\/27798CCD-A92B-44CB-8B79-520F76C2AC5D_1_102_o-170x300.jpeg\" alt=\"\" width=\"170\" height=\"300\" srcset=\"https:\/\/www.adamski-method.net\/wp-content\/uploads\/2024\/02\/27798CCD-A92B-44CB-8B79-520F76C2AC5D_1_102_o-170x300.jpeg 170w, https:\/\/www.adamski-method.net\/wp-content\/uploads\/2024\/02\/27798CCD-A92B-44CB-8B79-520F76C2AC5D_1_102_o.jpeg 480w\" sizes=\"auto, (max-width: 170px) 100vw, 170px\" \/><\/p>","protected":false},"excerpt":{"rendered":"","protected":false},"author":1,"featured_media":0,"parent":0,"menu_order":0,"comment_status":"closed","ping_status":"closed","template":"","meta":{"_exactmetrics_skip_tracking":false,"_exactmetrics_sitenote_active":false,"_exactmetrics_sitenote_note":"","_exactmetrics_sitenote_category":0,"footnotes":""},"class_list":["post-9","page","type-page","status-publish","hentry"],"yoast_head":"<!-- This site is optimized with the Yoast SEO plugin v25.6 - https:\/\/yoast.com\/wordpress\/plugins\/seo\/ -->\n<title>Frank Laporte-Adamski - La m\u00e9thode Adamski<\/title>\n<meta name=\"robots\" content=\"index, follow, max-snippet:-1, max-image-preview:large, max-video-preview:-1\" \/>\n<link rel=\"canonical\" href=\"https:\/\/www.adamski-method.net\/frank\/\" \/>\n<meta property=\"og:locale\" content=\"fr_FR\" \/>\n<meta property=\"og:type\" content=\"article\" \/>\n<meta property=\"og:title\" content=\"Frank Laporte-Adamski - La m\u00e9thode Adamski\" \/>\n<meta property=\"og:url\" content=\"https:\/\/www.adamski-method.net\/frank\/\" \/>\n<meta property=\"og:site_name\" content=\"La m\u00e9thode Adamski\" \/>\n<meta property=\"article:publisher\" content=\"https:\/\/www.facebook.com\/www.adamski.metodo.net\/\" \/>\n<meta property=\"article:modified_time\" content=\"2024-02-08T14:32:10+00:00\" \/>\n<meta property=\"og:image\" content=\"https:\/\/www.adamski-method.net\/wp-content\/uploads\/2024\/02\/17B1E2D5-4890-40C4-85C0-0FE9FA5EF5FA_1_105_c-169x300.jpeg\" \/>\n<meta name=\"twitter:card\" content=\"summary_large_image\" \/>\n<meta name=\"twitter:label1\" content=\"Dur\u00e9e de lecture estim\u00e9e\" \/>\n\t<meta name=\"twitter:data1\" content=\"1 minute\" \/>\n<script type=\"application\/ld+json\" class=\"yoast-schema-graph\">{\"@context\":\"https:\/\/schema.org\",\"@graph\":[{\"@type\":\"WebPage\",\"@id\":\"https:\/\/www.adamski-method.net\/frank\/\",\"url\":\"https:\/\/www.adamski-method.net\/frank\/\",\"name\":\"Frank Laporte-Adamski - La m\u00e9thode Adamski\",\"isPartOf\":{\"@id\":\"https:\/\/www.adamski-method.net\/fr\/#website\"},\"primaryImageOfPage\":{\"@id\":\"https:\/\/www.adamski-method.net\/frank\/#primaryimage\"},\"image\":{\"@id\":\"https:\/\/www.adamski-method.net\/frank\/#primaryimage\"},\"thumbnailUrl\":\"https:\/\/www.adamski-method.net\/wp-content\/uploads\/2024\/02\/17B1E2D5-4890-40C4-85C0-0FE9FA5EF5FA_1_105_c-169x300.jpeg\",\"datePublished\":\"2016-04-11T16:29:10+00:00\",\"dateModified\":\"2024-02-08T14:32:10+00:00\",\"breadcrumb\":{\"@id\":\"https:\/\/www.adamski-method.net\/frank\/#breadcrumb\"},\"inLanguage\":\"fr-FR\",\"potentialAction\":[{\"@type\":\"ReadAction\",\"target\":[\"https:\/\/www.adamski-method.net\/frank\/\"]}]},{\"@type\":\"ImageObject\",\"inLanguage\":\"fr-FR\",\"@id\":\"https:\/\/www.adamski-method.net\/frank\/#primaryimage\",\"url\":\"https:\/\/www.adamski-method.net\/wp-content\/uploads\/2024\/02\/17B1E2D5-4890-40C4-85C0-0FE9FA5EF5FA_1_105_c-169x300.jpeg\",\"contentUrl\":\"https:\/\/www.adamski-method.net\/wp-content\/uploads\/2024\/02\/17B1E2D5-4890-40C4-85C0-0FE9FA5EF5FA_1_105_c-169x300.jpeg\"},{\"@type\":\"BreadcrumbList\",\"@id\":\"https:\/\/www.adamski-method.net\/frank\/#breadcrumb\",\"itemListElement\":[{\"@type\":\"ListItem\",\"position\":1,\"name\":\"Accueil\",\"item\":\"https:\/\/www.adamski-method.net\/fr\/\"},{\"@type\":\"ListItem\",\"position\":2,\"name\":\"Frank Laporte-Adamski\"}]},{\"@type\":\"WebSite\",\"@id\":\"https:\/\/www.adamski-method.net\/fr\/#website\",\"url\":\"https:\/\/www.adamski-method.net\/fr\/\",\"name\":\"La m\u00e9thode Adamski\",\"description\":\"La m\u00e9thode Adamski est un v\u00e9ritable r\u00e9glage alimentaire, loin des r\u00e9gimes ou autres techniques d\u2019amaigrissement.\",\"potentialAction\":[{\"@type\":\"SearchAction\",\"target\":{\"@type\":\"EntryPoint\",\"urlTemplate\":\"https:\/\/www.adamski-method.net\/fr\/?s={search_term_string}\"},\"query-input\":{\"@type\":\"PropertyValueSpecification\",\"valueRequired\":true,\"valueName\":\"search_term_string\"}}],\"inLanguage\":\"fr-FR\"}]}<\/script>\n<!-- \/ Yoast SEO plugin. -->","yoast_head_json":{"title":"Frank Laporte-Adamski - La m\u00e9thode Adamski","robots":{"index":"index","follow":"follow","max-snippet":"max-snippet:-1","max-image-preview":"max-image-preview:large","max-video-preview":"max-video-preview:-1"},"canonical":"https:\/\/www.adamski-method.net\/frank\/","og_locale":"fr_FR","og_type":"article","og_title":"Frank Laporte-Adamski - La m\u00e9thode Adamski","og_url":"https:\/\/www.adamski-method.net\/frank\/","og_site_name":"La m\u00e9thode Adamski","article_publisher":"https:\/\/www.facebook.com\/www.adamski.metodo.net\/","article_modified_time":"2024-02-08T14:32:10+00:00","og_image":[{"url":"https:\/\/www.adamski-method.net\/wp-content\/uploads\/2024\/02\/17B1E2D5-4890-40C4-85C0-0FE9FA5EF5FA_1_105_c-169x300.jpeg","type":"","width":"","height":""}],"twitter_card":"summary_large_image","twitter_misc":{"Dur\u00e9e de lecture estim\u00e9e":"1 minute"},"schema":{"@context":"https:\/\/schema.org","@graph":[{"@type":"WebPage","@id":"https:\/\/www.adamski-method.net\/frank\/","url":"https:\/\/www.adamski-method.net\/frank\/","name":"Frank Laporte-Adamski - La m\u00e9thode Adamski","isPartOf":{"@id":"https:\/\/www.adamski-method.net\/fr\/#website"},"primaryImageOfPage":{"@id":"https:\/\/www.adamski-method.net\/frank\/#primaryimage"},"image":{"@id":"https:\/\/www.adamski-method.net\/frank\/#primaryimage"},"thumbnailUrl":"https:\/\/www.adamski-method.net\/wp-content\/uploads\/2024\/02\/17B1E2D5-4890-40C4-85C0-0FE9FA5EF5FA_1_105_c-169x300.jpeg","datePublished":"2016-04-11T16:29:10+00:00","dateModified":"2024-02-08T14:32:10+00:00","breadcrumb":{"@id":"https:\/\/www.adamski-method.net\/frank\/#breadcrumb"},"inLanguage":"fr-FR","potentialAction":[{"@type":"ReadAction","target":["https:\/\/www.adamski-method.net\/frank\/"]}]},{"@type":"ImageObject","inLanguage":"fr-FR","@id":"https:\/\/www.adamski-method.net\/frank\/#primaryimage","url":"https:\/\/www.adamski-method.net\/wp-content\/uploads\/2024\/02\/17B1E2D5-4890-40C4-85C0-0FE9FA5EF5FA_1_105_c-169x300.jpeg","contentUrl":"https:\/\/www.adamski-method.net\/wp-content\/uploads\/2024\/02\/17B1E2D5-4890-40C4-85C0-0FE9FA5EF5FA_1_105_c-169x300.jpeg"},{"@type":"BreadcrumbList","@id":"https:\/\/www.adamski-method.net\/frank\/#breadcrumb","itemListElement":[{"@type":"ListItem","position":1,"name":"Accueil","item":"https:\/\/www.adamski-method.net\/fr\/"},{"@type":"ListItem","position":2,"name":"Frank Laporte-Adamski"}]},{"@type":"WebSite","@id":"https:\/\/www.adamski-method.net\/fr\/#website","url":"https:\/\/www.adamski-method.net\/fr\/","name":"La m\u00e9thode Adamski","description":"La m\u00e9thode Adamski est un v\u00e9ritable r\u00e9glage alimentaire, loin des r\u00e9gimes ou autres techniques d\u2019amaigrissement.","potentialAction":[{"@type":"SearchAction","target":{"@type":"EntryPoint","urlTemplate":"https:\/\/www.adamski-method.net\/fr\/?s={search_term_string}"},"query-input":{"@type":"PropertyValueSpecification","valueRequired":true,"valueName":"search_term_string"}}],"inLanguage":"fr-FR"}]}},"_links":{"self":[{"href":"https:\/\/www.adamski-method.net\/fr\/wp-json\/wp\/v2\/pages\/9","targetHints":{"allow":["GET"]}}],"collection":[{"href":"https:\/\/www.adamski-method.net\/fr\/wp-json\/wp\/v2\/pages"}],"about":[{"href":"https:\/\/www.adamski-method.net\/fr\/wp-json\/wp\/v2\/types\/page"}],"author":[{"embeddable":true,"href":"https:\/\/www.adamski-method.net\/fr\/wp-json\/wp\/v2\/users\/1"}],"replies":[{"embeddable":true,"href":"https:\/\/www.adamski-method.net\/fr\/wp-json\/wp\/v2\/comments?post=9"}],"version-history":[{"count":5,"href":"https:\/\/www.adamski-method.net\/fr\/wp-json\/wp\/v2\/pages\/9\/revisions"}],"predecessor-version":[{"id":948,"href":"https:\/\/www.adamski-method.net\/fr\/wp-json\/wp\/v2\/pages\/9\/revisions\/948"}],"wp:attachment":[{"href":"https:\/\/www.adamski-method.net\/fr\/wp-json\/wp\/v2\/media?parent=9"}],"curies":[{"name":"wp","href":"https:\/\/api.w.org\/{rel}","templated":true}]}}